{"id":1342,"date":"2023-07-20T21:39:42","date_gmt":"2023-07-20T19:39:42","guid":{"rendered":"https:\/\/www.ahoterapi.com\/?page_id=1342"},"modified":"2023-08-08T13:13:04","modified_gmt":"2023-08-08T11:13:04","slug":"blog","status":"publish","type":"page","link":"https:\/\/www.ahoterapi.com\/es\/blog\/","title":{"rendered":"Blog"},"content":{"rendered":"<p>[et_pb_section fb_built=\u00a0\u00bb1&Prime; admin_label=\u00a0\u00bbHeader\u00a0\u00bb _builder_version=\u00a0\u00bb4.21.0&Prime; _module_preset=\u00a0\u00bb15dadfa6-ecd2-4e6a-baa4-5904c4b7597a\u00a0\u00bb background_color=\u00a0\u00bbRGBA(255,255,255,0)\u00a0\u00bb background_image=\u00a0\u00bbhttps:\/\/www.ahoterapi.com\/wp-content\/uploads\/2023\/07\/luca-bravo-O453M2Liufs-unsplash-scaled.jpg\u00a0\u00bb background_enable_image=\u00a0\u00bbon\u00a0\u00bb parallax=\u00a0\u00bboff\u00a0\u00bb background_position=\u00a0\u00bbbottom_center\u00a0\u00bb background_vertical_offset=\u00a0\u00bb72%\u00a0\u00bb min_height_tablet=\u00a0\u00bb500px\u00a0\u00bb min_height_phone=\u00a0\u00bb230px\u00a0\u00bb height=\u00a0\u00bb258px\u00a0\u00bb custom_padding=\u00a0\u00bb||0px|||\u00a0\u00bb top_divider_height=\u00a0\u00bb83px\u00a0\u00bb bottom_divider_height=\u00a0\u00bb72px\u00a0\u00bb bottom_divider_style_tablet=\u00a0\u00bb\u00a0\u00bb bottom_divider_style_phone=\u00a0\u00bb\u00a0\u00bb bottom_divider_style_last_edited=\u00a0\u00bbon|phone\u00a0\u00bb global_module=\u00a0\u00bb2783&Prime; saved_tabs=\u00a0\u00bball\u00a0\u00bb global_colors_info=\u00a0\u00bb{}\u00a0\u00bb][et_pb_row custom_padding_last_edited=\u00a0\u00bbon|phone\u00a0\u00bb _builder_version=\u00a0\u00bb4.21.0&Prime; _module_preset=\u00a0\u00bbdefault\u00a0\u00bb width=\u00a0\u00bb100%\u00a0\u00bb max_width=\u00a0\u00bb1300px\u00a0\u00bb module_alignment=\u00a0\u00bbcenter\u00a0\u00bb custom_margin=\u00a0\u00bb||||false|false\u00a0\u00bb custom_padding=\u00a0\u00bb||90px|0px|false|false\u00a0\u00bb custom_padding_tablet=\u00a0\u00bb\u00a0\u00bb custom_padding_phone=\u00a0\u00bb||0px|0px|false|false\u00a0\u00bb global_colors_info=\u00a0\u00bb{}\u00a0\u00bb][et_pb_column type=\u00a0\u00bb4_4&Prime; _builder_version=\u00a0\u00bb4.20.2&Prime; _module_preset=\u00a0\u00bbdefault\u00a0\u00bb global_colors_info=\u00a0\u00bb{}\u00a0\u00bb][et_pb_text _builder_version=\u00a0\u00bb4.21.0&Prime; _module_preset=\u00a0\u00bbdefault\u00a0\u00bb text_font=\u00a0\u00bb||||||||\u00a0\u00bb header_text_color=\u00a0\u00bb#FFFFFF\u00a0\u00bb background_layout=\u00a0\u00bbdark\u00a0\u00bb max_width_tablet=\u00a0\u00bb\u00a0\u00bb max_width_phone=\u00a0\u00bb\u00a0\u00bb max_width_last_edited=\u00a0\u00bbon|desktop\u00a0\u00bb module_alignment=\u00a0\u00bbcenter\u00a0\u00bb custom_padding=\u00a0\u00bb96px||45px|||\u00a0\u00bb custom_padding_tablet=\u00a0\u00bb\u00a0\u00bb custom_padding_phone=\u00a0\u00bb0px||20px||false|false\u00a0\u00bb custom_padding_last_edited=\u00a0\u00bbon|phone\u00a0\u00bb locked=\u00a0\u00bboff\u00a0\u00bb global_colors_info=\u00a0\u00bb{}\u00a0\u00bb]<\/p>\n<h1 style=\"text-align: center;\">Blog<\/h1>\n<p>[\/et_pb_text][\/et_pb_column][\/et_pb_row][\/et_pb_section][et_pb_section fb_built=\u00a0\u00bb1&Prime; admin_label=\u00a0\u00bbClasses\u00a0\u00bb _builder_version=\u00a0\u00bb4.21.0&Prime; _module_preset=\u00a0\u00bbdefault\u00a0\u00bb background_color=\u00a0\u00bb#FFFFFF\u00a0\u00bb custom_padding=\u00a0\u00bb4px||50px|||\u00a0\u00bb bottom_divider_style=\u00a0\u00bbcurve2&Prime; bottom_divider_color=\u00a0\u00bb#1e1e1e\u00a0\u00bb bottom_divider_style_tablet=\u00a0\u00bbcurve2&Prime; bottom_divider_style_phone=\u00a0\u00bbcurve2&Prime; bottom_divider_style_last_edited=\u00a0\u00bbon|phone\u00a0\u00bb bottom_divider_height_tablet=\u00a0\u00bb\u00a0\u00bb bottom_divider_height_phone=\u00a0\u00bb30px\u00a0\u00bb bottom_divider_height_last_edited=\u00a0\u00bbon|tablet\u00a0\u00bb global_colors_info=\u00a0\u00bb{}\u00a0\u00bb][et_pb_row make_equal=\u00a0\u00bbon\u00a0\u00bb _builder_version=\u00a0\u00bb4.21.0&Prime; _module_preset=\u00a0\u00bbdefault\u00a0\u00bb custom_padding=\u00a0\u00bb||6px|||\u00a0\u00bb global_colors_info=\u00a0\u00bb{}\u00a0\u00bb][et_pb_column type=\u00a0\u00bb4_4&Prime; _builder_version=\u00a0\u00bb4.20.2&Prime; _module_preset=\u00a0\u00bbdefault\u00a0\u00bb global_colors_info=\u00a0\u00bb{}\u00a0\u00bb][et_pb_text _builder_version=\u00a0\u00bb4.21.0&Prime; _module_preset=\u00a0\u00bb42b37099-c207-49bb-a344-e15777d7294e\u00a0\u00bb transform_scale=\u00a0\u00bb110%|110%\u00a0\u00bb header_3_font_size_tablet=\u00a0\u00bb\u00a0\u00bb header_3_font_size_phone=\u00a0\u00bb29px\u00a0\u00bb header_3_font_size_last_edited=\u00a0\u00bbon|phone\u00a0\u00bb locked=\u00a0\u00bboff\u00a0\u00bb global_colors_info=\u00a0\u00bb{}\u00a0\u00bb]<\/p>\n<h3 style=\"text-align: center;\">Voyages et Bien-\u00eatre<\/h3>\n<p>[\/et_pb_text][et_pb_blog posts_number=\u00a0\u00bb9&Prime; include_categories=\u00a0\u00bball\u00a0\u00bb excerpt_length=\u00a0\u00bb50&Prime; show_more=\u00a0\u00bbon\u00a0\u00bb _builder_version=\u00a0\u00bb4.21.0&Prime; _module_preset=\u00a0\u00bb3315180f-e51b-4657-9b77-52767a704aff\u00a0\u00bb read_more_text_color=\u00a0\u00bb#333333&Prime; hover_enabled=\u00a0\u00bb0&Prime; global_colors_info=\u00a0\u00bb{}\u00a0\u00bb sticky_enabled=\u00a0\u00bb0&Prime;][\/et_pb_blog][\/et_pb_column][\/et_pb_row][et_pb_row _builder_version=\u00a0\u00bb4.20.2&Prime; _module_preset=\u00a0\u00bbdefault\u00a0\u00bb custom_padding=\u00a0\u00bb||6px|||\u00a0\u00bb global_colors_info=\u00a0\u00bb{}\u00a0\u00bb][et_pb_column type=\u00a0\u00bb4_4&Prime; _builder_version=\u00a0\u00bb4.20.2&Prime; _module_preset=\u00a0\u00bbdefault\u00a0\u00bb global_colors_info=\u00a0\u00bb{}\u00a0\u00bb][et_pb_code _builder_version=\u00a0\u00bb4.21.0&Prime; _module_preset=\u00a0\u00bbdefault\u00a0\u00bb global_colors_info=\u00a0\u00bb{}\u00a0\u00bb]<script><!-- [et_pb_line_break_holder] -->  (function ($) {<!-- [et_pb_line_break_holder] -->  $(document).on(\"ready ajaxComplete\", function () {<!-- [et_pb_line_break_holder] -->    $(\".et-custom-read-more-text .et_pb_post a.more-link\").html(\"Lire l'article\");<!-- [et_pb_line_break_holder] -->  });<!-- [et_pb_line_break_holder] -->})(jQuery);<!-- [et_pb_line_break_holder] -->  <\/script>[\/et_pb_code][\/et_pb_column][\/et_pb_row][\/et_pb_section]<\/p>\n","protected":false},"excerpt":{"rendered":"<p>BlogVoyages et Bien-\u00eatre<\/p>","protected":false},"author":2,"featured_media":0,"parent":0,"menu_order":0,"comment_status":"closed","ping_status":"closed","template":"","meta":{"_acf_changed":false,"_et_pb_use_builder":"on","_et_pb_old_content":"","_et_gb_content_width":"","inline_featured_image":false,"footnotes":""},"class_list":["post-1342","page","type-page","status-publish","hentry"],"acf":[],"yoast_head":"<!-- This site is optimized with the Yoast SEO plugin v27.1.1 - https:\/\/yoast.com\/product\/yoast-seo-wordpress\/ -->\n<title>Blog &#183; AH\u00d4! acupuncture, physioth\u00e9rapie, soins \u00e9nerg\u00e9tiques<\/title>\n<meta name=\"robots\" content=\"index, follow, max-snippet:-1, max-image-preview:large, max-video-preview:-1\" \/>\n<link rel=\"canonical\" href=\"https:\/\/www.ahoterapi.com\/es\/blog\/\" \/>\n<meta property=\"og:locale\" content=\"es_ES\" \/>\n<meta property=\"og:type\" content=\"article\" \/>\n<meta property=\"og:title\" content=\"Blog &#183; AH\u00d4! acupuncture, physioth\u00e9rapie, soins \u00e9nerg\u00e9tiques\" \/>\n<meta property=\"og:description\" content=\"BlogVoyages et Bien-\u00eatre\" \/>\n<meta property=\"og:url\" content=\"https:\/\/www.ahoterapi.com\/es\/blog\/\" \/>\n<meta property=\"og:site_name\" content=\"AH\u00d4! acupuncture, physioth\u00e9rapie, soins \u00e9nerg\u00e9tiques\" \/>\n<meta property=\"article:publisher\" content=\"https:\/\/www.facebook.com\/profile.php?id=100086871617974\" \/>\n<meta property=\"article:modified_time\" content=\"2023-08-08T11:13:04+00:00\" \/>\n<meta property=\"og:image\" content=\"https:\/\/www.ahoterapi.com\/wp-content\/uploads\/2023\/07\/2.jpg\" \/>\n\t<meta property=\"og:image:width\" content=\"1920\" \/>\n\t<meta property=\"og:image:height\" content=\"1080\" \/>\n\t<meta property=\"og:image:type\" content=\"image\/jpeg\" \/>\n<meta name=\"twitter:card\" content=\"summary_large_image\" \/>\n<script type=\"application\/ld+json\" class=\"yoast-schema-graph\">{\"@context\":\"https:\/\/schema.org\",\"@graph\":[{\"@type\":\"WebPage\",\"@id\":\"https:\/\/www.ahoterapi.com\/blog\/\",\"url\":\"https:\/\/www.ahoterapi.com\/blog\/\",\"name\":\"Blog &#183; AH\u00d4! acupuncture, physioth\u00e9rapie, soins \u00e9nerg\u00e9tiques\",\"isPartOf\":{\"@id\":\"https:\/\/www.ahoterapi.com\/#website\"},\"datePublished\":\"2023-07-20T19:39:42+00:00\",\"dateModified\":\"2023-08-08T11:13:04+00:00\",\"breadcrumb\":{\"@id\":\"https:\/\/www.ahoterapi.com\/blog\/#breadcrumb\"},\"inLanguage\":\"es\",\"potentialAction\":[{\"@type\":\"ReadAction\",\"target\":[\"https:\/\/www.ahoterapi.com\/blog\/\"]}]},{\"@type\":\"BreadcrumbList\",\"@id\":\"https:\/\/www.ahoterapi.com\/blog\/#breadcrumb\",\"itemListElement\":[{\"@type\":\"ListItem\",\"position\":1,\"name\":\"Accueil\",\"item\":\"https:\/\/www.ahoterapi.com\/\"},{\"@type\":\"ListItem\",\"position\":2,\"name\":\"Blog\"}]},{\"@type\":\"WebSite\",\"@id\":\"https:\/\/www.ahoterapi.com\/#website\",\"url\":\"https:\/\/www.ahoterapi.com\/\",\"name\":\"AH\u00d4! acupuncture, physioth\u00e9rapie, soins \u00e9nerg\u00e9tiques\",\"description\":\"Espace th\u00e9rapeutique pluridisciplinaire: acupuncture, physioth\u00e9rapie, soins holistiques et \u00e9nerg\u00e9tiques. Ateliers et Retraites. Agr\u00e9\u00e9e RME.\",\"publisher\":{\"@id\":\"https:\/\/www.ahoterapi.com\/#organization\"},\"potentialAction\":[{\"@type\":\"SearchAction\",\"target\":{\"@type\":\"EntryPoint\",\"urlTemplate\":\"https:\/\/www.ahoterapi.com\/?s={search_term_string}\"},\"query-input\":{\"@type\":\"PropertyValueSpecification\",\"valueRequired\":true,\"valueName\":\"search_term_string\"}}],\"inLanguage\":\"es\"},{\"@type\":\"Organization\",\"@id\":\"https:\/\/www.ahoterapi.com\/#organization\",\"name\":\"AH\u00d4! Acupuncture - physioth\u00e9rapie - soins \u00e9nerg\u00e9tiques\",\"url\":\"https:\/\/www.ahoterapi.com\/\",\"logo\":{\"@type\":\"ImageObject\",\"inLanguage\":\"es\",\"@id\":\"https:\/\/www.ahoterapi.com\/#\/schema\/logo\/image\/\",\"url\":\"https:\/\/www.ahoterapi.com\/wp-content\/uploads\/2023\/07\/Logo-AHO.svg\",\"contentUrl\":\"https:\/\/www.ahoterapi.com\/wp-content\/uploads\/2023\/07\/Logo-AHO.svg\",\"width\":\"1024\",\"height\":\"1024\",\"caption\":\"AH\u00d4! Acupuncture - physioth\u00e9rapie - soins \u00e9nerg\u00e9tiques\"},\"image\":{\"@id\":\"https:\/\/www.ahoterapi.com\/#\/schema\/logo\/image\/\"},\"sameAs\":[\"https:\/\/www.facebook.com\/profile.php?id=100086871617974\",\"https:\/\/www.instagram.com\/ahoterapi\/\",\"https:\/\/www.linkedin.com\/in\/cline-la-mendola-101465175\/?originalSubdomain=ch\"]}]}<\/script>\n<!-- \/ Yoast SEO plugin. -->","yoast_head_json":{"title":"Blog &#183; AH\u00d4! acupuncture, physioth\u00e9rapie, soins \u00e9nerg\u00e9tiques","robots":{"index":"index","follow":"follow","max-snippet":"max-snippet:-1","max-image-preview":"max-image-preview:large","max-video-preview":"max-video-preview:-1"},"canonical":"https:\/\/www.ahoterapi.com\/es\/blog\/","og_locale":"es_ES","og_type":"article","og_title":"Blog &#183; AH\u00d4! acupuncture, physioth\u00e9rapie, soins \u00e9nerg\u00e9tiques","og_description":"BlogVoyages et Bien-\u00eatre","og_url":"https:\/\/www.ahoterapi.com\/es\/blog\/","og_site_name":"AH\u00d4! acupuncture, physioth\u00e9rapie, soins \u00e9nerg\u00e9tiques","article_publisher":"https:\/\/www.facebook.com\/profile.php?id=100086871617974","article_modified_time":"2023-08-08T11:13:04+00:00","og_image":[{"width":1920,"height":1080,"url":"https:\/\/www.ahoterapi.com\/wp-content\/uploads\/2023\/07\/2.jpg","type":"image\/jpeg"}],"twitter_card":"summary_large_image","schema":{"@context":"https:\/\/schema.org","@graph":[{"@type":"WebPage","@id":"https:\/\/www.ahoterapi.com\/blog\/","url":"https:\/\/www.ahoterapi.com\/blog\/","name":"Blog &#183; AH\u00d4! acupuncture, physioth\u00e9rapie, soins \u00e9nerg\u00e9tiques","isPartOf":{"@id":"https:\/\/www.ahoterapi.com\/#website"},"datePublished":"2023-07-20T19:39:42+00:00","dateModified":"2023-08-08T11:13:04+00:00","breadcrumb":{"@id":"https:\/\/www.ahoterapi.com\/blog\/#breadcrumb"},"inLanguage":"es","potentialAction":[{"@type":"ReadAction","target":["https:\/\/www.ahoterapi.com\/blog\/"]}]},{"@type":"BreadcrumbList","@id":"https:\/\/www.ahoterapi.com\/blog\/#breadcrumb","itemListElement":[{"@type":"ListItem","position":1,"name":"Accueil","item":"https:\/\/www.ahoterapi.com\/"},{"@type":"ListItem","position":2,"name":"Blog"}]},{"@type":"WebSite","@id":"https:\/\/www.ahoterapi.com\/#website","url":"https:\/\/www.ahoterapi.com\/","name":"AH\u00d4! acupuncture, physioth\u00e9rapie, soins \u00e9nerg\u00e9tiques","description":"Espace th\u00e9rapeutique pluridisciplinaire: acupuncture, physioth\u00e9rapie, soins holistiques et \u00e9nerg\u00e9tiques. Ateliers et Retraites. Agr\u00e9\u00e9e RME.","publisher":{"@id":"https:\/\/www.ahoterapi.com\/#organization"},"potentialAction":[{"@type":"SearchAction","target":{"@type":"EntryPoint","urlTemplate":"https:\/\/www.ahoterapi.com\/?s={search_term_string}"},"query-input":{"@type":"PropertyValueSpecification","valueRequired":true,"valueName":"search_term_string"}}],"inLanguage":"es"},{"@type":"Organization","@id":"https:\/\/www.ahoterapi.com\/#organization","name":"AH\u00d4! Acupuncture - physioth\u00e9rapie - soins \u00e9nerg\u00e9tiques","url":"https:\/\/www.ahoterapi.com\/","logo":{"@type":"ImageObject","inLanguage":"es","@id":"https:\/\/www.ahoterapi.com\/#\/schema\/logo\/image\/","url":"https:\/\/www.ahoterapi.com\/wp-content\/uploads\/2023\/07\/Logo-AHO.svg","contentUrl":"https:\/\/www.ahoterapi.com\/wp-content\/uploads\/2023\/07\/Logo-AHO.svg","width":"1024","height":"1024","caption":"AH\u00d4! Acupuncture - physioth\u00e9rapie - soins \u00e9nerg\u00e9tiques"},"image":{"@id":"https:\/\/www.ahoterapi.com\/#\/schema\/logo\/image\/"},"sameAs":["https:\/\/www.facebook.com\/profile.php?id=100086871617974","https:\/\/www.instagram.com\/ahoterapi\/","https:\/\/www.linkedin.com\/in\/cline-la-mendola-101465175\/?originalSubdomain=ch"]}]}},"_links":{"self":[{"href":"https:\/\/www.ahoterapi.com\/es\/wp-json\/wp\/v2\/pages\/1342","targetHints":{"allow":["GET"]}}],"collection":[{"href":"https:\/\/www.ahoterapi.com\/es\/wp-json\/wp\/v2\/pages"}],"about":[{"href":"https:\/\/www.ahoterapi.com\/es\/wp-json\/wp\/v2\/types\/page"}],"author":[{"embeddable":true,"href":"https:\/\/www.ahoterapi.com\/es\/wp-json\/wp\/v2\/users\/2"}],"replies":[{"embeddable":true,"href":"https:\/\/www.ahoterapi.com\/es\/wp-json\/wp\/v2\/comments?post=1342"}],"version-history":[{"count":43,"href":"https:\/\/www.ahoterapi.com\/es\/wp-json\/wp\/v2\/pages\/1342\/revisions"}],"predecessor-version":[{"id":3091,"href":"https:\/\/www.ahoterapi.com\/es\/wp-json\/wp\/v2\/pages\/1342\/revisions\/3091"}],"wp:attachment":[{"href":"https:\/\/www.ahoterapi.com\/es\/wp-json\/wp\/v2\/media?parent=1342"}],"curies":[{"name":"wp","href":"https:\/\/api.w.org\/{rel}","templated":true}]}}