{"id":1380,"date":"2023-07-20T22:07:15","date_gmt":"2023-07-20T20:07:15","guid":{"rendered":"https:\/\/www.ahoterapi.com\/?page_id=1380"},"modified":"2023-08-08T14:32:23","modified_gmt":"2023-08-08T12:32:23","slug":"events","status":"publish","type":"page","link":"https:\/\/www.ahoterapi.com\/es\/events\/","title":{"rendered":"Eventos"},"content":{"rendered":"<p>[et_pb_section fb_built=\u00a0\u00bb1&Prime; admin_label=\u00a0\u00bbHeader\u00a0\u00bb _builder_version=\u00a0\u00bb4.21.0&Prime; _module_preset=\u00a0\u00bb15dadfa6-ecd2-4e6a-baa4-5904c4b7597a\u00a0\u00bb background_image=\u00a0\u00bbhttps:\/\/www.ahoterapi.com\/wp-content\/uploads\/2023\/07\/tom-gainor-61H-x5GU1hs-unsplash-scaled.jpg\u00a0\u00bb background_enable_image=\u00a0\u00bbon\u00a0\u00bb parallax=\u00a0\u00bboff\u00a0\u00bb background_position=\u00a0\u00bbtop_center\u00a0\u00bb top_divider_height_tablet=\u00a0\u00bb70px\u00a0\u00bb bottom_divider_style_tablet=\u00a0\u00bb\u00a0\u00bb bottom_divider_style_phone=\u00a0\u00bb\u00a0\u00bb bottom_divider_style_last_edited=\u00a0\u00bbon|phone\u00a0\u00bb bottom_divider_height_tablet=\u00a0\u00bb70px\u00a0\u00bb global_module=\u00a0\u00bb2845&Prime; saved_tabs=\u00a0\u00bball\u00a0\u00bb global_colors_info=\u00a0\u00bb{}\u00a0\u00bb][et_pb_row custom_padding_last_edited=\u00a0\u00bbon|phone\u00a0\u00bb _builder_version=\u00a0\u00bb4.21.0&Prime; _module_preset=\u00a0\u00bbdefault\u00a0\u00bb width=\u00a0\u00bb100%\u00a0\u00bb max_width=\u00a0\u00bb1300px\u00a0\u00bb module_alignment=\u00a0\u00bbcenter\u00a0\u00bb custom_margin=\u00a0\u00bb|-95px||auto||\u00a0\u00bb custom_padding=\u00a0\u00bb||92px|0px|false|false\u00a0\u00bb custom_padding_tablet=\u00a0\u00bb||92px|0px|false|false\u00a0\u00bb custom_padding_phone=\u00a0\u00bb||0px||false|false\u00a0\u00bb global_colors_info=\u00a0\u00bb{}\u00a0\u00bb][et_pb_column type=\u00a0\u00bb4_4&Prime; _builder_version=\u00a0\u00bb4.20.2&Prime; _module_preset=\u00a0\u00bbdefault\u00a0\u00bb global_colors_info=\u00a0\u00bb{}\u00a0\u00bb][et_pb_text _builder_version=\u00a0\u00bb4.21.0&Prime; _module_preset=\u00a0\u00bbdefault\u00a0\u00bb text_font=\u00a0\u00bb||||||||\u00a0\u00bb header_text_color=\u00a0\u00bb#FFFFFF\u00a0\u00bb position_origin_a=\u00a0\u00bbcenter_center\u00a0\u00bb background_layout=\u00a0\u00bbdark\u00a0\u00bb width_tablet=\u00a0\u00bb\u00a0\u00bb width_phone=\u00a0\u00bb100%\u00a0\u00bb width_last_edited=\u00a0\u00bbon|phone\u00a0\u00bb max_width_tablet=\u00a0\u00bb\u00a0\u00bb max_width_phone=\u00a0\u00bb\u00a0\u00bb max_width_last_edited=\u00a0\u00bbon|desktop\u00a0\u00bb module_alignment=\u00a0\u00bbcenter\u00a0\u00bb custom_padding=\u00a0\u00bb96px||45px|||\u00a0\u00bb custom_padding_tablet=\u00a0\u00bb96px||45px|||\u00a0\u00bb custom_padding_phone=\u00a0\u00bb20px||20px||false|false\u00a0\u00bb custom_padding_last_edited=\u00a0\u00bbon|phone\u00a0\u00bb header_text_color_tablet=\u00a0\u00bb\u00a0\u00bb header_text_color_phone=\u00a0\u00bb\u00a0\u00bb header_text_color_last_edited=\u00a0\u00bbon|phone\u00a0\u00bb locked=\u00a0\u00bboff\u00a0\u00bb global_colors_info=\u00a0\u00bb{}\u00a0\u00bb]<\/p>\n<h1 style=\"text-align: center;\">Events<\/h1>\n<h5 style=\"text-align: center;\"><span>A la d\u00e9couverte de nouvelles perspectives<br \/><\/span><\/h5>\n<p>[\/et_pb_text][\/et_pb_column][\/et_pb_row][\/et_pb_section][et_pb_section fb_built=\u00a0\u00bb1&Prime; admin_label=\u00a0\u00bbAbout\u00a0\u00bb _builder_version=\u00a0\u00bb4.21.0&Prime; _module_preset=\u00a0\u00bbdefault\u00a0\u00bb background_enable_color=\u00a0\u00bboff\u00a0\u00bb use_background_color_gradient=\u00a0\u00bbon\u00a0\u00bb background_color_gradient_stops=\u00a0\u00bb#ffffff 0%|rgba(255,255,255,0.22) 100%\u00a0\u00bb background_color_gradient_overlays_image=\u00a0\u00bbon\u00a0\u00bb background_enable_image=\u00a0\u00bboff\u00a0\u00bb background_position=\u00a0\u00bbbottom_center\u00a0\u00bb background_vertical_offset=\u00a0\u00bb35%\u00a0\u00bb width=\u00a0\u00bb100%\u00a0\u00bb custom_margin=\u00a0\u00bb-36px|||||\u00a0\u00bb custom_padding=\u00a0\u00bb40px||5px|||\u00a0\u00bb top_divider_color=\u00a0\u00bb#FFFFFF\u00a0\u00bb top_divider_height=\u00a0\u00bb62px\u00a0\u00bb top_divider_repeat=\u00a0\u00bb1x\u00a0\u00bb top_divider_arrangement=\u00a0\u00bbabove_content\u00a0\u00bb global_colors_info=\u00a0\u00bb{}\u00a0\u00bb][et_pb_row _builder_version=\u00a0\u00bb4.20.2&Prime; _module_preset=\u00a0\u00bbdefault\u00a0\u00bb custom_padding=\u00a0\u00bb||6px|||\u00a0\u00bb locked=\u00a0\u00bboff\u00a0\u00bb global_colors_info=\u00a0\u00bb{}\u00a0\u00bb][et_pb_column type=\u00a0\u00bb4_4&Prime; _builder_version=\u00a0\u00bb4.20.2&Prime; _module_preset=\u00a0\u00bbdefault\u00a0\u00bb global_colors_info=\u00a0\u00bb{}\u00a0\u00bb][et_pb_text _builder_version=\u00a0\u00bb4.21.0&Prime; _module_preset=\u00a0\u00bb42b37099-c207-49bb-a344-e15777d7294e\u00a0\u00bb locked=\u00a0\u00bboff\u00a0\u00bb global_colors_info=\u00a0\u00bb{}\u00a0\u00bb]<\/p>\n<h3 style=\"text-align: center;\"><span style=\"color: #dcb21c;\">Ev\u00e9nements \u00e0 venir<\/span><\/h3>\n<p>[\/et_pb_text][et_pb_custblog post_type=\u00a0\u00bbevent\u00a0\u00bb taxonomy_event=\u00a0\u00bblayout_tag\u00a0\u00bb include_categories_layout_tag=\u00a0\u00bb50&Prime; posts_number=\u00a0\u00bb9&Prime; excerpt_length=\u00a0\u00bb90&Prime; _builder_version=\u00a0\u00bb4.21.0&Prime; _module_preset=\u00a0\u00bbf86b2333-9a18-4062-9de1-fb01bd26d8c3&Prime; hover_enabled=\u00a0\u00bb0&Prime; global_colors_info=\u00a0\u00bb{}\u00a0\u00bb sticky_enabled=\u00a0\u00bb0&Prime;][\/et_pb_custblog][et_pb_code _builder_version=\u00a0\u00bb4.21.0&Prime; _module_preset=\u00a0\u00bbdefault\u00a0\u00bb global_colors_info=\u00a0\u00bb{}\u00a0\u00bb][\/et_pb_code][et_pb_text _builder_version=\u00a0\u00bb4.21.0&Prime; _module_preset=\u00a0\u00bb42b37099-c207-49bb-a344-e15777d7294e\u00a0\u00bb locked=\u00a0\u00bboff\u00a0\u00bb global_colors_info=\u00a0\u00bb{}\u00a0\u00bb]<\/p>\n<h3 style=\"text-align: center;\">Ev\u00e9nements pass\u00e9s<\/h3>\n<p>[\/et_pb_text][et_pb_custblog post_type=\u00a0\u00bbevent\u00a0\u00bb taxonomy_event=\u00a0\u00bblayout_tag\u00a0\u00bb include_categories_layout_tag=\u00a0\u00bb51&Prime; posts_number=\u00a0\u00bb9&Prime; excerpt_length=\u00a0\u00bb90&Prime; show_excerpt=\u00a0\u00bboff\u00a0\u00bb _builder_version=\u00a0\u00bb4.21.0&Prime; _module_preset=\u00a0\u00bbf86b2333-9a18-4062-9de1-fb01bd26d8c3&Prime; hover_enabled=\u00a0\u00bb0&Prime; custom_css_featured_image=\u00a0\u00bbfilter: grayscale(100%);\u00a0\u00bb global_colors_info=\u00a0\u00bb{}\u00a0\u00bb sticky_enabled=\u00a0\u00bb0&Prime;][\/et_pb_custblog][\/et_pb_column][\/et_pb_row][\/et_pb_section][et_pb_section fb_built=\u00a0\u00bb1&Prime; admin_label=\u00a0\u00bbHeader\u00a0\u00bb _builder_version=\u00a0\u00bb4.21.0&Prime; _module_preset=\u00a0\u00bbdefault\u00a0\u00bb background_color=\u00a0\u00bb#145558&Prime; background_enable_color=\u00a0\u00bboff\u00a0\u00bb use_background_color_gradient=\u00a0\u00bbon\u00a0\u00bb background_color_gradient_direction=\u00a0\u00bb90deg\u00a0\u00bb background_color_gradient_stops=\u00a0\u00bbrgba(10,1,1,0.66) 0%|rgba(41,196,169,0) 35%\u00a0\u00bb background_image=\u00a0\u00bbhttps:\/\/www.ahoterapi.com\/wp-content\/uploads\/2023\/03\/IMG_20180804_112814-scaled.jpg\u00a0\u00bb background_position=\u00a0\u00bbbottom_right\u00a0\u00bb background_blend=\u00a0\u00bbmultiply\u00a0\u00bb min_height=\u00a0\u00bb400px\u00a0\u00bb min_height_tablet=\u00a0\u00bb400px\u00a0\u00bb min_height_phone=\u00a0\u00bb287px\u00a0\u00bb min_height_last_edited=\u00a0\u00bbon|phone\u00a0\u00bb custom_margin=\u00a0\u00bb||0px||false|false\u00a0\u00bb custom_padding=\u00a0\u00bb52px||0px|||\u00a0\u00bb top_divider_style=\u00a0\u00bbwave2&Prime; top_divider_color=\u00a0\u00bb#FFFFFF\u00a0\u00bb top_divider_height=\u00a0\u00bb80px\u00a0\u00bb top_divider_repeat=\u00a0\u00bb1x\u00a0\u00bb top_divider_flip=\u00a0\u00bbhorizontal|vertical\u00a0\u00bb top_divider_arrangement=\u00a0\u00bbabove_content\u00a0\u00bb top_divider_height_tablet=\u00a0\u00bb80px\u00a0\u00bb top_divider_height_phone=\u00a0\u00bb30px\u00a0\u00bb top_divider_height_last_edited=\u00a0\u00bbon|phone\u00a0\u00bb bottom_divider_style=\u00a0\u00bbcurve2&Prime; bottom_divider_color=\u00a0\u00bb#1e1e1e\u00a0\u00bb bottom_divider_height=\u00a0\u00bb70px\u00a0\u00bb bottom_divider_height_tablet=\u00a0\u00bb70px\u00a0\u00bb bottom_divider_height_phone=\u00a0\u00bb30px\u00a0\u00bb bottom_divider_height_last_edited=\u00a0\u00bbon|phone\u00a0\u00bb global_module=\u00a0\u00bb1345&Prime; saved_tabs=\u00a0\u00bball\u00a0\u00bb global_colors_info=\u00a0\u00bb{}\u00a0\u00bb][et_pb_row custom_padding_last_edited=\u00a0\u00bbon|phone\u00a0\u00bb _builder_version=\u00a0\u00bb4.21.0&Prime; _module_preset=\u00a0\u00bbdefault\u00a0\u00bb module_alignment=\u00a0\u00bbcenter\u00a0\u00bb custom_margin=\u00a0\u00bb0px|auto||auto|false|false\u00a0\u00bb custom_padding=\u00a0\u00bb75px||10px||false|false\u00a0\u00bb custom_padding_tablet=\u00a0\u00bb\u00a0\u00bb custom_padding_phone=\u00a0\u00bb30px||||false|false\u00a0\u00bb global_colors_info=\u00a0\u00bb{}\u00a0\u00bb][et_pb_column type=\u00a0\u00bb4_4&Prime; _builder_version=\u00a0\u00bb4.20.2&Prime; _module_preset=\u00a0\u00bbdefault\u00a0\u00bb global_colors_info=\u00a0\u00bb{}\u00a0\u00bb][et_pb_text _builder_version=\u00a0\u00bb4.21.0&Prime; _module_preset=\u00a0\u00bb42b37099-c207-49bb-a344-e15777d7294e\u00a0\u00bb text_font=\u00a0\u00bb||||||||\u00a0\u00bb header_2_text_color=\u00a0\u00bb#FFFFFF\u00a0\u00bb header_2_font_size=\u00a0\u00bb59px\u00a0\u00bb header_4_text_color=\u00a0\u00bb#FFFFFF\u00a0\u00bb background_layout=\u00a0\u00bbdark\u00a0\u00bb max_width=\u00a0\u00bb35%\u00a0\u00bb max_width_tablet=\u00a0\u00bb70%\u00a0\u00bb max_width_phone=\u00a0\u00bb100%\u00a0\u00bb max_width_last_edited=\u00a0\u00bbon|phone\u00a0\u00bb module_alignment=\u00a0\u00bbleft\u00a0\u00bb custom_margin=\u00a0\u00bb||-1px|||\u00a0\u00bb custom_padding=\u00a0\u00bb0px||4px|||\u00a0\u00bb header_2_font_size_phone=\u00a0\u00bb36px\u00a0\u00bb header_2_text_shadow_style=\u00a0\u00bbpreset1&Prime; header_2_text_shadow_vertical_length=\u00a0\u00bb0em\u00a0\u00bb header_2_text_shadow_blur_strength=\u00a0\u00bb0.18em\u00a0\u00bb header_2_text_shadow_color=\u00a0\u00bb#333333&Prime; locked=\u00a0\u00bboff\u00a0\u00bb global_colors_info=\u00a0\u00bb{}\u00a0\u00bb]<\/p>\n<h2>Le voyage comme th\u00e9rapie<\/h2>\n<p>[\/et_pb_text][et_pb_button button_url=\u00a0\u00bb@ET-DC@eyJkeW5hbWljIjp0cnVlLCJjb250ZW50IjoicG9zdF9saW5rX3VybF9wYWdlIiwic2V0dGluZ3MiOnsicG9zdF9pZCI6IjEzNDIifX0=@\u00a0\u00bb button_text=\u00a0\u00bbVoir le blog\u00a0\u00bb button_alignment=\u00a0\u00bbleft\u00a0\u00bb _builder_version=\u00a0\u00bb4.21.0&Prime; _dynamic_attributes=\u00a0\u00bbbutton_url\u00a0\u00bb _module_preset=\u00a0\u00bb75b38786-9667-4f9a-8116-2299ff0ea559&Prime; button_bg_color=\u00a0\u00bb#dcb21c\u00a0\u00bb button_border_color=\u00a0\u00bb#DCB21C\u00a0\u00bb button_border_radius=\u00a0\u00bb44px\u00a0\u00bb button_letter_spacing=\u00a0\u00bb1px\u00a0\u00bb button_font=\u00a0\u00bbLato|700||on|||||\u00a0\u00bb locked=\u00a0\u00bboff\u00a0\u00bb global_colors_info=\u00a0\u00bb{}\u00a0\u00bb][\/et_pb_button][\/et_pb_column][\/et_pb_row][\/et_pb_section]<\/p>\n","protected":false},"excerpt":{"rendered":"<p>Events A la d\u00e9couverte de nouvelles perspectivesEv\u00e9nements \u00e0 venirEv\u00e9nements pass\u00e9sLe voyage comme th\u00e9rapie<\/p>","protected":false},"author":2,"featured_media":0,"parent":0,"menu_order":0,"comment_status":"closed","ping_status":"closed","template":"","meta":{"_acf_changed":false,"_et_pb_use_builder":"on","_et_pb_old_content":"","_et_gb_content_width":"","inline_featured_image":false,"footnotes":""},"class_list":["post-1380","page","type-page","status-publish","hentry"],"acf":[],"yoast_head":"<!-- This site is optimized with the Yoast SEO plugin v27.1.1 - https:\/\/yoast.com\/product\/yoast-seo-wordpress\/ -->\n<title>Events &#183; AH\u00d4! acupuncture, physioth\u00e9rapie, soins \u00e9nerg\u00e9tiques<\/title>\n<meta name=\"robots\" content=\"index, follow, max-snippet:-1, max-image-preview:large, max-video-preview:-1\" \/>\n<link rel=\"canonical\" href=\"https:\/\/www.ahoterapi.com\/es\/events\/\" \/>\n<meta property=\"og:locale\" content=\"es_ES\" \/>\n<meta property=\"og:type\" content=\"article\" \/>\n<meta property=\"og:title\" content=\"Events &#183; AH\u00d4! acupuncture, physioth\u00e9rapie, soins \u00e9nerg\u00e9tiques\" \/>\n<meta property=\"og:description\" content=\"Events A la d\u00e9couverte de nouvelles perspectivesEv\u00e9nements \u00e0 venirEv\u00e9nements pass\u00e9sLe voyage comme th\u00e9rapie\" \/>\n<meta property=\"og:url\" content=\"https:\/\/www.ahoterapi.com\/es\/events\/\" \/>\n<meta property=\"og:site_name\" content=\"AH\u00d4! acupuncture, physioth\u00e9rapie, soins \u00e9nerg\u00e9tiques\" \/>\n<meta property=\"article:publisher\" content=\"https:\/\/www.facebook.com\/profile.php?id=100086871617974\" \/>\n<meta property=\"article:modified_time\" content=\"2023-08-08T12:32:23+00:00\" \/>\n<meta property=\"og:image\" content=\"https:\/\/www.ahoterapi.com\/wp-content\/uploads\/2023\/07\/2.jpg\" \/>\n\t<meta property=\"og:image:width\" content=\"1920\" \/>\n\t<meta property=\"og:image:height\" content=\"1080\" \/>\n\t<meta property=\"og:image:type\" content=\"image\/jpeg\" \/>\n<meta name=\"twitter:card\" content=\"summary_large_image\" \/>\n<script type=\"application\/ld+json\" class=\"yoast-schema-graph\">{\"@context\":\"https:\/\/schema.org\",\"@graph\":[{\"@type\":\"WebPage\",\"@id\":\"https:\/\/www.ahoterapi.com\/events\/\",\"url\":\"https:\/\/www.ahoterapi.com\/events\/\",\"name\":\"Events &#183; AH\u00d4! acupuncture, physioth\u00e9rapie, soins \u00e9nerg\u00e9tiques\",\"isPartOf\":{\"@id\":\"https:\/\/www.ahoterapi.com\/#website\"},\"datePublished\":\"2023-07-20T20:07:15+00:00\",\"dateModified\":\"2023-08-08T12:32:23+00:00\",\"breadcrumb\":{\"@id\":\"https:\/\/www.ahoterapi.com\/events\/#breadcrumb\"},\"inLanguage\":\"es\",\"potentialAction\":[{\"@type\":\"ReadAction\",\"target\":[\"https:\/\/www.ahoterapi.com\/events\/\"]}]},{\"@type\":\"BreadcrumbList\",\"@id\":\"https:\/\/www.ahoterapi.com\/events\/#breadcrumb\",\"itemListElement\":[{\"@type\":\"ListItem\",\"position\":1,\"name\":\"Accueil\",\"item\":\"https:\/\/www.ahoterapi.com\/\"},{\"@type\":\"ListItem\",\"position\":2,\"name\":\"Events\"}]},{\"@type\":\"WebSite\",\"@id\":\"https:\/\/www.ahoterapi.com\/#website\",\"url\":\"https:\/\/www.ahoterapi.com\/\",\"name\":\"AH\u00d4! acupuncture, physioth\u00e9rapie, soins \u00e9nerg\u00e9tiques\",\"description\":\"Espace th\u00e9rapeutique pluridisciplinaire: acupuncture, physioth\u00e9rapie, soins holistiques et \u00e9nerg\u00e9tiques. Ateliers et Retraites. Agr\u00e9\u00e9e RME.\",\"publisher\":{\"@id\":\"https:\/\/www.ahoterapi.com\/#organization\"},\"potentialAction\":[{\"@type\":\"SearchAction\",\"target\":{\"@type\":\"EntryPoint\",\"urlTemplate\":\"https:\/\/www.ahoterapi.com\/?s={search_term_string}\"},\"query-input\":{\"@type\":\"PropertyValueSpecification\",\"valueRequired\":true,\"valueName\":\"search_term_string\"}}],\"inLanguage\":\"es\"},{\"@type\":\"Organization\",\"@id\":\"https:\/\/www.ahoterapi.com\/#organization\",\"name\":\"AH\u00d4! Acupuncture - physioth\u00e9rapie - soins \u00e9nerg\u00e9tiques\",\"url\":\"https:\/\/www.ahoterapi.com\/\",\"logo\":{\"@type\":\"ImageObject\",\"inLanguage\":\"es\",\"@id\":\"https:\/\/www.ahoterapi.com\/#\/schema\/logo\/image\/\",\"url\":\"https:\/\/www.ahoterapi.com\/wp-content\/uploads\/2023\/07\/Logo-AHO.svg\",\"contentUrl\":\"https:\/\/www.ahoterapi.com\/wp-content\/uploads\/2023\/07\/Logo-AHO.svg\",\"width\":\"1024\",\"height\":\"1024\",\"caption\":\"AH\u00d4! Acupuncture - physioth\u00e9rapie - soins \u00e9nerg\u00e9tiques\"},\"image\":{\"@id\":\"https:\/\/www.ahoterapi.com\/#\/schema\/logo\/image\/\"},\"sameAs\":[\"https:\/\/www.facebook.com\/profile.php?id=100086871617974\",\"https:\/\/www.instagram.com\/ahoterapi\/\",\"https:\/\/www.linkedin.com\/in\/cline-la-mendola-101465175\/?originalSubdomain=ch\"]}]}<\/script>\n<!-- \/ Yoast SEO plugin. -->","yoast_head_json":{"title":"Events &#183; AH\u00d4! acupuncture, physioth\u00e9rapie, soins \u00e9nerg\u00e9tiques","robots":{"index":"index","follow":"follow","max-snippet":"max-snippet:-1","max-image-preview":"max-image-preview:large","max-video-preview":"max-video-preview:-1"},"canonical":"https:\/\/www.ahoterapi.com\/es\/events\/","og_locale":"es_ES","og_type":"article","og_title":"Events &#183; AH\u00d4! acupuncture, physioth\u00e9rapie, soins \u00e9nerg\u00e9tiques","og_description":"Events A la d\u00e9couverte de nouvelles perspectivesEv\u00e9nements \u00e0 venirEv\u00e9nements pass\u00e9sLe voyage comme th\u00e9rapie","og_url":"https:\/\/www.ahoterapi.com\/es\/events\/","og_site_name":"AH\u00d4! acupuncture, physioth\u00e9rapie, soins \u00e9nerg\u00e9tiques","article_publisher":"https:\/\/www.facebook.com\/profile.php?id=100086871617974","article_modified_time":"2023-08-08T12:32:23+00:00","og_image":[{"width":1920,"height":1080,"url":"https:\/\/www.ahoterapi.com\/wp-content\/uploads\/2023\/07\/2.jpg","type":"image\/jpeg"}],"twitter_card":"summary_large_image","schema":{"@context":"https:\/\/schema.org","@graph":[{"@type":"WebPage","@id":"https:\/\/www.ahoterapi.com\/events\/","url":"https:\/\/www.ahoterapi.com\/events\/","name":"Events &#183; AH\u00d4! acupuncture, physioth\u00e9rapie, soins \u00e9nerg\u00e9tiques","isPartOf":{"@id":"https:\/\/www.ahoterapi.com\/#website"},"datePublished":"2023-07-20T20:07:15+00:00","dateModified":"2023-08-08T12:32:23+00:00","breadcrumb":{"@id":"https:\/\/www.ahoterapi.com\/events\/#breadcrumb"},"inLanguage":"es","potentialAction":[{"@type":"ReadAction","target":["https:\/\/www.ahoterapi.com\/events\/"]}]},{"@type":"BreadcrumbList","@id":"https:\/\/www.ahoterapi.com\/events\/#breadcrumb","itemListElement":[{"@type":"ListItem","position":1,"name":"Accueil","item":"https:\/\/www.ahoterapi.com\/"},{"@type":"ListItem","position":2,"name":"Events"}]},{"@type":"WebSite","@id":"https:\/\/www.ahoterapi.com\/#website","url":"https:\/\/www.ahoterapi.com\/","name":"AH\u00d4! acupuncture, physioth\u00e9rapie, soins \u00e9nerg\u00e9tiques","description":"Espace th\u00e9rapeutique pluridisciplinaire: acupuncture, physioth\u00e9rapie, soins holistiques et \u00e9nerg\u00e9tiques. Ateliers et Retraites. Agr\u00e9\u00e9e RME.","publisher":{"@id":"https:\/\/www.ahoterapi.com\/#organization"},"potentialAction":[{"@type":"SearchAction","target":{"@type":"EntryPoint","urlTemplate":"https:\/\/www.ahoterapi.com\/?s={search_term_string}"},"query-input":{"@type":"PropertyValueSpecification","valueRequired":true,"valueName":"search_term_string"}}],"inLanguage":"es"},{"@type":"Organization","@id":"https:\/\/www.ahoterapi.com\/#organization","name":"AH\u00d4! Acupuncture - physioth\u00e9rapie - soins \u00e9nerg\u00e9tiques","url":"https:\/\/www.ahoterapi.com\/","logo":{"@type":"ImageObject","inLanguage":"es","@id":"https:\/\/www.ahoterapi.com\/#\/schema\/logo\/image\/","url":"https:\/\/www.ahoterapi.com\/wp-content\/uploads\/2023\/07\/Logo-AHO.svg","contentUrl":"https:\/\/www.ahoterapi.com\/wp-content\/uploads\/2023\/07\/Logo-AHO.svg","width":"1024","height":"1024","caption":"AH\u00d4! Acupuncture - physioth\u00e9rapie - soins \u00e9nerg\u00e9tiques"},"image":{"@id":"https:\/\/www.ahoterapi.com\/#\/schema\/logo\/image\/"},"sameAs":["https:\/\/www.facebook.com\/profile.php?id=100086871617974","https:\/\/www.instagram.com\/ahoterapi\/","https:\/\/www.linkedin.com\/in\/cline-la-mendola-101465175\/?originalSubdomain=ch"]}]}},"_links":{"self":[{"href":"https:\/\/www.ahoterapi.com\/es\/wp-json\/wp\/v2\/pages\/1380","targetHints":{"allow":["GET"]}}],"collection":[{"href":"https:\/\/www.ahoterapi.com\/es\/wp-json\/wp\/v2\/pages"}],"about":[{"href":"https:\/\/www.ahoterapi.com\/es\/wp-json\/wp\/v2\/types\/page"}],"author":[{"embeddable":true,"href":"https:\/\/www.ahoterapi.com\/es\/wp-json\/wp\/v2\/users\/2"}],"replies":[{"embeddable":true,"href":"https:\/\/www.ahoterapi.com\/es\/wp-json\/wp\/v2\/comments?post=1380"}],"version-history":[{"count":54,"href":"https:\/\/www.ahoterapi.com\/es\/wp-json\/wp\/v2\/pages\/1380\/revisions"}],"predecessor-version":[{"id":3097,"href":"https:\/\/www.ahoterapi.com\/es\/wp-json\/wp\/v2\/pages\/1380\/revisions\/3097"}],"wp:attachment":[{"href":"https:\/\/www.ahoterapi.com\/es\/wp-json\/wp\/v2\/media?parent=1380"}],"curies":[{"name":"wp","href":"https:\/\/api.w.org\/{rel}","templated":true}]}}